{"id":533,"date":"2025-03-31T08:07:21","date_gmt":"2025-03-31T08:07:21","guid":{"rendered":"https:\/\/reichelwar.com\/servicios\/bodas-2-2\/"},"modified":"2025-05-28T23:42:54","modified_gmt":"2025-05-28T23:42:54","slug":"bodas-2","status":"publish","type":"page","link":"https:\/\/reichelwar.com\/en\/servicios\/bodas-2\/","title":{"rendered":"Pack \u00c1lbum Lino"},"content":{"rendered":"<section class=\"services_11_1_1 background-1-light\" id=\"\" data-block-id=\"69e061b5a709f69e061b5a70a0\" data-block-name=\"acf\/services-11-1-1\" data-post-id=\"533\" data-stable-id=\"block_daf54404265a432c0a12e97f3ed10417\">\r\n        <div class=\"container\">\r\n            <div class=\"row\">\r\n                <div class=\"col col-imagen\" data-aos=\"fade-right\">\r\n                                        <img decoding=\"async\" src=\"https:\/\/reichelwar.com\/wp-content\/uploads\/2025\/04\/2.png\" alt=\"Pack \u00c1lbum de lino natural para bodas\" title=\"Pack \u00c1lbum Lino: Un recuerdo hecho a mano con lino natural, ideal para preservar memorias de bodas. Incluye cobertura desde los preparativos hasta el baile.\">\r\n                                    <\/div>\r\n                <div class=\"col col-texto\" data-aos=\"fade-left\">\r\n                                        <h2 class=\"tamano3 color-1-headings-dark\">Pack \u00c1lbum Lino<\/h2>\r\n                                                            <div class=\"texto tamano7 color-1-body-dark\"><p>\u00c9ste pack es para Novi@s que quieren guardar sus mejores recuerdos en un \u00c1LBUM de lino natural hecho con mimo y a mano con materiales de gran calidad + el reportaje para el d\u00eda de la boda, con 1 fot\u00f3grafo desde los preparativos de los Novi@s hasta 1-2 horas de baile, depender\u00e1 del material que tengamos y de las ganas que teng\u00e1is de que nos vayamos \ud83d\ude09<\/p>\n<\/div>\r\n                    \r\n                                    <\/div>\r\n            <\/div>\r\n        <\/div>\r\n    <\/section>\r\n<style>\r\n    .services_11_1_1 .row .col-texto {\r\n        padding-top: 40px;\r\n        max-width: 585px;\r\n        width: 100%;\r\n    }\r\n\r\n    .services_11_1_1 .row {\r\n        display: flex;\r\n        gap: 180px;\r\n\r\n    }\r\n\r\n    .services_11_1_1[original-block-id=\"block_daf54404265a432c0a12e97f3ed10417\"] .row {\r\n            }\r\n\r\n    .services_11_1_1 .btn-round {\r\n        border-radius: 60px;\r\n        padding: 12px 25px;\r\n        display: inline-block;\r\n        min-width: 175px;\r\n        text-align: center;\r\n        text-decoration: none;\r\n    }\r\n\r\n    .services_11_1_1 .texto *:last-child {\r\n        padding-bottom: 0;\r\n    }\r\n\r\n    .services_11_1_1 .col-imagen .video {\r\n        width: 100%;\r\n    }\r\n\r\n    .services_11_1_1 .col-imagen iframe {\r\n        width: 100%;\r\n        height: 100%;\r\n        min-height: 537px;\r\n    }\r\n\r\n    .services_11_1_1 img {\r\n        width: 100%;\r\n    }\r\n\r\n    .services_11_1_1 .texto {\r\n        padding-bottom: 30px;\r\n    }\r\n\r\n    .services_11_1_1 .texto * {\r\n        padding-bottom: 20px;\r\n    }\r\n\r\n    .services_11_1_1 h2 {\r\n        padding-bottom: 45px;\r\n    }\r\n\r\n    .services_11_1_1 {\r\n        padding: 80px 150px;\r\n        position: relative;\r\n    }\r\n\r\n    @media (max-width:1750px) {\r\n        .services_11_1_1 {\r\n            padding-left: 50px;\r\n            padding-right: 50px;\r\n        }\r\n    }\r\n\r\n    @media (max-width:1550px) {\r\n        .services_11_1_1 .row {\r\n            gap: 100px;\r\n        }\r\n    }\r\n\r\n    @media (max-width:1350px) {\r\n        .services_11_1_1 .row {\r\n            gap: 30px;\r\n        }\r\n\r\n        .services_11_1_1 {\r\n            padding-left: 0;\r\n            padding-right: 0;\r\n        }\r\n    }\r\n\r\n    @media (max-width:992px) {\r\n        .services_11_1_1 .col-imagen iframe {\r\n            min-height: 475px;\r\n        }\r\n        .services_11_1_1 .row {\r\n            flex-direction: column;\r\n            gap: 0;\r\n        }\r\n\r\n        .services_11_1_1 .row .col-texto {\r\n            max-width: 100%;\r\n        }\r\n\r\n        .services_11_1_1 h2 {\r\n            padding-bottom: 35px;\r\n        }\r\n\r\n        .services_11_1_1 {\r\n            padding: 40px 0;\r\n        }\r\n    }\r\n\r\n    @media (max-width:768px) {\r\n        .services_11_1_1 .col-imagen iframe {\r\n            min-height: 310px;\r\n        }\r\n    }\r\n<\/style>\r\n","protected":false},"excerpt":{"rendered":"","protected":false},"author":1,"featured_media":1331,"parent":129,"menu_order":0,"comment_status":"open","ping_status":"closed","template":"","meta":{"_acf_changed":false,"iawp_total_views":3,"footnotes":""},"class_list":["post-533","page","type-page","status-publish","has-post-thumbnail","hentry"],"acf":[],"yoast_head":"<!-- This site is optimized with the Yoast SEO plugin v27.4 - https:\/\/yoast.com\/product\/yoast-seo-wordpress\/ -->\n<title>Pack \u00c1lbum Lino - Reichel War<\/title>\n<meta name=\"description\" content=\"Conserva tus recuerdos de boda en un \u00e1lbum de lino natural, creado a mano. Incluye reportaje con fot\u00f3grafo desde los preparativos hasta 1-2 horas de baile.\" \/>\n<meta name=\"robots\" content=\"index, follow, max-snippet:-1, max-image-preview:large, max-video-preview:-1\" \/>\n<link rel=\"canonical\" href=\"https:\/\/reichelwar.com\/en\/servicios\/bodas-2\/\" \/>\n<meta property=\"og:locale\" content=\"en_US\" \/>\n<meta property=\"og:type\" content=\"article\" \/>\n<meta property=\"og:title\" content=\"Pack \u00c1lbum Lino - Reichel War\" \/>\n<meta property=\"og:description\" content=\"Conserva tus recuerdos de boda en un \u00e1lbum de lino natural, creado a mano. Incluye reportaje con fot\u00f3grafo desde los preparativos hasta 1-2 horas de baile.\" \/>\n<meta property=\"og:url\" content=\"https:\/\/reichelwar.com\/en\/servicios\/bodas-2\/\" \/>\n<meta property=\"og:site_name\" content=\"Reichel War\" \/>\n<meta property=\"article:modified_time\" content=\"2025-05-28T23:42:54+00:00\" \/>\n<meta property=\"og:image\" content=\"https:\/\/reichelwar.com\/wp-content\/uploads\/2025\/04\/2.png\" \/>\n\t<meta property=\"og:image:width\" content=\"741\" \/>\n\t<meta property=\"og:image:height\" content=\"537\" \/>\n\t<meta property=\"og:image:type\" content=\"image\/png\" \/>\n<meta name=\"twitter:card\" content=\"summary_large_image\" \/>\n<!-- \/ Yoast SEO plugin. -->","yoast_head_json":{"title":"Pack \u00c1lbum Lino - Reichel War","description":"Conserva tus recuerdos de boda en un \u00e1lbum de lino natural, creado a mano. Incluye reportaje con fot\u00f3grafo desde los preparativos hasta 1-2 horas de baile.","robots":{"index":"index","follow":"follow","max-snippet":"max-snippet:-1","max-image-preview":"max-image-preview:large","max-video-preview":"max-video-preview:-1"},"canonical":"https:\/\/reichelwar.com\/en\/servicios\/bodas-2\/","og_locale":"en_US","og_type":"article","og_title":"Pack \u00c1lbum Lino - Reichel War","og_description":"Conserva tus recuerdos de boda en un \u00e1lbum de lino natural, creado a mano. Incluye reportaje con fot\u00f3grafo desde los preparativos hasta 1-2 horas de baile.","og_url":"https:\/\/reichelwar.com\/en\/servicios\/bodas-2\/","og_site_name":"Reichel War","article_modified_time":"2025-05-28T23:42:54+00:00","og_image":[{"width":741,"height":537,"url":"https:\/\/reichelwar.com\/wp-content\/uploads\/2025\/04\/2.png","type":"image\/png"}],"twitter_card":"summary_large_image","schema":{"@context":"https:\/\/schema.org","@graph":[{"@type":"WebPage","@id":"https:\/\/reichelwar.com\/en\/servicios\/bodas-2\/","url":"https:\/\/reichelwar.com\/en\/servicios\/bodas-2\/","name":"Pack \u00c1lbum Lino - Reichel War","isPartOf":{"@id":"https:\/\/reichelwar.com\/en\/#website"},"primaryImageOfPage":{"@id":"https:\/\/reichelwar.com\/en\/servicios\/bodas-2\/#primaryimage"},"image":{"@id":"https:\/\/reichelwar.com\/en\/servicios\/bodas-2\/#primaryimage"},"thumbnailUrl":"https:\/\/reichelwar.com\/wp-content\/uploads\/2025\/04\/2.png","datePublished":"2025-03-31T08:07:21+00:00","dateModified":"2025-05-28T23:42:54+00:00","description":"Conserva tus recuerdos de boda en un \u00e1lbum de lino natural, creado a mano. Incluye reportaje con fot\u00f3grafo desde los preparativos hasta 1-2 horas de baile.","breadcrumb":{"@id":"https:\/\/reichelwar.com\/en\/servicios\/bodas-2\/#breadcrumb"},"inLanguage":"en-US","potentialAction":[{"@type":"ReadAction","target":["https:\/\/reichelwar.com\/en\/servicios\/bodas-2\/"]}]},{"@type":"ImageObject","inLanguage":"en-US","@id":"https:\/\/reichelwar.com\/en\/servicios\/bodas-2\/#primaryimage","url":"https:\/\/reichelwar.com\/wp-content\/uploads\/2025\/04\/2.png","contentUrl":"https:\/\/reichelwar.com\/wp-content\/uploads\/2025\/04\/2.png","width":741,"height":537},{"@type":"BreadcrumbList","@id":"https:\/\/reichelwar.com\/en\/servicios\/bodas-2\/#breadcrumb","itemListElement":[{"@type":"ListItem","position":1,"name":"Portada","item":"https:\/\/reichelwar.com\/en\/"},{"@type":"ListItem","position":2,"name":"Servicios","item":"https:\/\/reichelwar.com\/en\/servicios\/"},{"@type":"ListItem","position":3,"name":"Pack \u00c1lbum Lino"}]},{"@type":"WebSite","@id":"https:\/\/reichelwar.com\/en\/#website","url":"https:\/\/reichelwar.com\/en\/","name":"Reichel War","description":"","publisher":{"@id":"https:\/\/reichelwar.com\/en\/#organization"},"potentialAction":[{"@type":"SearchAction","target":{"@type":"EntryPoint","urlTemplate":"https:\/\/reichelwar.com\/en\/?s={search_term_string}"},"query-input":{"@type":"PropertyValueSpecification","valueRequired":true,"valueName":"search_term_string"}}],"inLanguage":"en-US"},{"@type":"Organization","@id":"https:\/\/reichelwar.com\/en\/#organization","name":"Reichel War","url":"https:\/\/reichelwar.com\/en\/","logo":{"@type":"ImageObject","inLanguage":"en-US","@id":"https:\/\/reichelwar.com\/en\/#\/schema\/logo\/image\/","url":"https:\/\/reichelwar.com\/wp-content\/uploads\/2024\/04\/6628e7d7db303_image2-2.png","contentUrl":"https:\/\/reichelwar.com\/wp-content\/uploads\/2024\/04\/6628e7d7db303_image2-2.png","width":92,"height":66,"caption":"Reichel War"},"image":{"@id":"https:\/\/reichelwar.com\/en\/#\/schema\/logo\/image\/"}}]}},"_links":{"self":[{"href":"https:\/\/reichelwar.com\/en\/wp-json\/wp\/v2\/pages\/533","targetHints":{"allow":["GET"]}}],"collection":[{"href":"https:\/\/reichelwar.com\/en\/wp-json\/wp\/v2\/pages"}],"about":[{"href":"https:\/\/reichelwar.com\/en\/wp-json\/wp\/v2\/types\/page"}],"author":[{"embeddable":true,"href":"https:\/\/reichelwar.com\/en\/wp-json\/wp\/v2\/users\/1"}],"replies":[{"embeddable":true,"href":"https:\/\/reichelwar.com\/en\/wp-json\/wp\/v2\/comments?post=533"}],"version-history":[{"count":10,"href":"https:\/\/reichelwar.com\/en\/wp-json\/wp\/v2\/pages\/533\/revisions"}],"predecessor-version":[{"id":1528,"href":"https:\/\/reichelwar.com\/en\/wp-json\/wp\/v2\/pages\/533\/revisions\/1528"}],"up":[{"embeddable":true,"href":"https:\/\/reichelwar.com\/en\/wp-json\/wp\/v2\/pages\/129"}],"wp:featuredmedia":[{"embeddable":true,"href":"https:\/\/reichelwar.com\/en\/wp-json\/wp\/v2\/media\/1331"}],"wp:attachment":[{"href":"https:\/\/reichelwar.com\/en\/wp-json\/wp\/v2\/media?parent=533"}],"curies":[{"name":"wp","href":"https:\/\/api.w.org\/{rel}","templated":true}]}}