{"id":645,"date":"2025-03-31T10:48:58","date_gmt":"2025-03-31T10:48:58","guid":{"rendered":"https:\/\/reichelwar.com\/servicios\/pack-wooden-plus\/"},"modified":"2025-05-28T23:42:43","modified_gmt":"2025-05-28T23:42:43","slug":"pack-wooden-plus","status":"publish","type":"page","link":"https:\/\/reichelwar.com\/en\/servicios\/pack-wooden-plus\/","title":{"rendered":"Pack Wooden Plus"},"content":{"rendered":"<section class=\"services_11_1_1 background-1-light\" id=\"\" data-block-id=\"69e02a9e4feff69e02a9e4ff00\" data-block-name=\"acf\/services-11-1-1\" data-post-id=\"645\" data-stable-id=\"block_76eb320bd166493a5bf4fe0559e19a6c\">\r\n        <div class=\"container\">\r\n            <div class=\"row\">\r\n                <div class=\"col col-imagen\" data-aos=\"fade-right\">\r\n                                        <img decoding=\"async\" src=\"https:\/\/reichelwar.com\/wp-content\/uploads\/2025\/04\/3.png\" alt=\"Pack de fotos Wooden Plus\" title=\"Pack de fotos Wooden Plus con sesi\u00f3n preboda y reportaje de boda incluido.\">\r\n                                    <\/div>\r\n                <div class=\"col col-texto\" data-aos=\"fade-left\">\r\n                                        <h2 class=\"tamano3 color-1-headings-dark\">Pack Wooden Plus<\/h2>\r\n                                                            <div class=\"texto tamano7 color-1-body-dark\"><p>\u00c9ste pack es para Novi@s que quieren disfrutar de una SESI\u00d3N PREBODA, para perder el miedo ante las c\u00e1maras, guardar un recuerdo previo los 2 s\u00f3los, conocer m\u00e1s a fondo a su fot\u00f3grafa y ver como trabaja, pasando un d\u00eda \u00f3 fin de semana genial en el lugar del mundo que elij\u00e1is + el reportaje el D\u00cdA DE LA BODA, con 1 fot\u00f3grafo desde los preparativos de los Novi@s hasta 1-2 horas de baile, depender\u00e1 del material que tengamos y de las ganas que teng\u00e1is de que nos vayamos \ud83d\ude09<\/p>\n<\/div>\r\n                    \r\n                                    <\/div>\r\n            <\/div>\r\n        <\/div>\r\n    <\/section>\r\n<style>\r\n    .services_11_1_1 .row .col-texto {\r\n        padding-top: 40px;\r\n        max-width: 585px;\r\n        width: 100%;\r\n    }\r\n\r\n    .services_11_1_1 .row {\r\n        display: flex;\r\n        gap: 180px;\r\n\r\n    }\r\n\r\n    .services_11_1_1[original-block-id=\"block_76eb320bd166493a5bf4fe0559e19a6c\"] .row {\r\n            }\r\n\r\n    .services_11_1_1 .btn-round {\r\n        border-radius: 60px;\r\n        padding: 12px 25px;\r\n        display: inline-block;\r\n        min-width: 175px;\r\n        text-align: center;\r\n        text-decoration: none;\r\n    }\r\n\r\n    .services_11_1_1 .texto *:last-child {\r\n        padding-bottom: 0;\r\n    }\r\n\r\n    .services_11_1_1 .col-imagen .video {\r\n        width: 100%;\r\n    }\r\n\r\n    .services_11_1_1 .col-imagen iframe {\r\n        width: 100%;\r\n        height: 100%;\r\n        min-height: 537px;\r\n    }\r\n\r\n    .services_11_1_1 img {\r\n        width: 100%;\r\n    }\r\n\r\n    .services_11_1_1 .texto {\r\n        padding-bottom: 30px;\r\n    }\r\n\r\n    .services_11_1_1 .texto * {\r\n        padding-bottom: 20px;\r\n    }\r\n\r\n    .services_11_1_1 h2 {\r\n        padding-bottom: 45px;\r\n    }\r\n\r\n    .services_11_1_1 {\r\n        padding: 80px 150px;\r\n        position: relative;\r\n    }\r\n\r\n    @media (max-width:1750px) {\r\n        .services_11_1_1 {\r\n            padding-left: 50px;\r\n            padding-right: 50px;\r\n        }\r\n    }\r\n\r\n    @media (max-width:1550px) {\r\n        .services_11_1_1 .row {\r\n            gap: 100px;\r\n        }\r\n    }\r\n\r\n    @media (max-width:1350px) {\r\n        .services_11_1_1 .row {\r\n            gap: 30px;\r\n        }\r\n\r\n        .services_11_1_1 {\r\n            padding-left: 0;\r\n            padding-right: 0;\r\n        }\r\n    }\r\n\r\n    @media (max-width:992px) {\r\n        .services_11_1_1 .col-imagen iframe {\r\n            min-height: 475px;\r\n        }\r\n        .services_11_1_1 .row {\r\n            flex-direction: column;\r\n            gap: 0;\r\n        }\r\n\r\n        .services_11_1_1 .row .col-texto {\r\n            max-width: 100%;\r\n        }\r\n\r\n        .services_11_1_1 h2 {\r\n            padding-bottom: 35px;\r\n        }\r\n\r\n        .services_11_1_1 {\r\n            padding: 40px 0;\r\n        }\r\n    }\r\n\r\n    @media (max-width:768px) {\r\n        .services_11_1_1 .col-imagen iframe {\r\n            min-height: 310px;\r\n        }\r\n    }\r\n<\/style>\r\n","protected":false},"excerpt":{"rendered":"","protected":false},"author":1,"featured_media":637,"parent":129,"menu_order":0,"comment_status":"open","ping_status":"closed","template":"","meta":{"_acf_changed":false,"iawp_total_views":9,"footnotes":""},"class_list":["post-645","page","type-page","status-publish","has-post-thumbnail","hentry"],"acf":[],"yoast_head":"<!-- This site is optimized with the Yoast SEO plugin v27.4 - https:\/\/yoast.com\/product\/yoast-seo-wordpress\/ -->\n<title>Pack Wooden Plus - Reichel War<\/title>\n<meta name=\"description\" content=\"Disfruta de una sesi\u00f3n preboda y reportaje el d\u00eda de la boda con el Pack Wooden Plus. Captura momentos \u00fanicos con Reichel War.\" \/>\n<meta name=\"robots\" content=\"index, follow, max-snippet:-1, max-image-preview:large, max-video-preview:-1\" \/>\n<link rel=\"canonical\" href=\"https:\/\/reichelwar.com\/en\/servicios\/pack-wooden-plus\/\" \/>\n<meta property=\"og:locale\" content=\"en_US\" \/>\n<meta property=\"og:type\" content=\"article\" \/>\n<meta property=\"og:title\" content=\"Pack Wooden Plus - Reichel War\" \/>\n<meta property=\"og:description\" content=\"Disfruta de una sesi\u00f3n preboda y reportaje el d\u00eda de la boda con el Pack Wooden Plus. Captura momentos \u00fanicos con Reichel War.\" \/>\n<meta property=\"og:url\" content=\"https:\/\/reichelwar.com\/en\/servicios\/pack-wooden-plus\/\" \/>\n<meta property=\"og:site_name\" content=\"Reichel War\" \/>\n<meta property=\"article:modified_time\" content=\"2025-05-28T23:42:43+00:00\" \/>\n<meta property=\"og:image\" content=\"https:\/\/reichelwar.com\/wp-content\/uploads\/2025\/03\/3.png\" \/>\n\t<meta property=\"og:image:width\" content=\"741\" \/>\n\t<meta property=\"og:image:height\" content=\"537\" \/>\n\t<meta property=\"og:image:type\" content=\"image\/png\" \/>\n<meta name=\"twitter:card\" content=\"summary_large_image\" \/>\n<!-- \/ Yoast SEO plugin. -->","yoast_head_json":{"title":"Pack Wooden Plus - Reichel War","description":"Disfruta de una sesi\u00f3n preboda y reportaje el d\u00eda de la boda con el Pack Wooden Plus. Captura momentos \u00fanicos con Reichel War.","robots":{"index":"index","follow":"follow","max-snippet":"max-snippet:-1","max-image-preview":"max-image-preview:large","max-video-preview":"max-video-preview:-1"},"canonical":"https:\/\/reichelwar.com\/en\/servicios\/pack-wooden-plus\/","og_locale":"en_US","og_type":"article","og_title":"Pack Wooden Plus - Reichel War","og_description":"Disfruta de una sesi\u00f3n preboda y reportaje el d\u00eda de la boda con el Pack Wooden Plus. Captura momentos \u00fanicos con Reichel War.","og_url":"https:\/\/reichelwar.com\/en\/servicios\/pack-wooden-plus\/","og_site_name":"Reichel War","article_modified_time":"2025-05-28T23:42:43+00:00","og_image":[{"width":741,"height":537,"url":"https:\/\/reichelwar.com\/wp-content\/uploads\/2025\/03\/3.png","type":"image\/png"}],"twitter_card":"summary_large_image","schema":{"@context":"https:\/\/schema.org","@graph":[{"@type":"WebPage","@id":"https:\/\/reichelwar.com\/en\/servicios\/pack-wooden-plus\/","url":"https:\/\/reichelwar.com\/en\/servicios\/pack-wooden-plus\/","name":"Pack Wooden Plus - Reichel War","isPartOf":{"@id":"https:\/\/reichelwar.com\/en\/#website"},"primaryImageOfPage":{"@id":"https:\/\/reichelwar.com\/en\/servicios\/pack-wooden-plus\/#primaryimage"},"image":{"@id":"https:\/\/reichelwar.com\/en\/servicios\/pack-wooden-plus\/#primaryimage"},"thumbnailUrl":"https:\/\/reichelwar.com\/wp-content\/uploads\/2025\/03\/3.png","datePublished":"2025-03-31T10:48:58+00:00","dateModified":"2025-05-28T23:42:43+00:00","description":"Disfruta de una sesi\u00f3n preboda y reportaje el d\u00eda de la boda con el Pack Wooden Plus. Captura momentos \u00fanicos con Reichel War.","breadcrumb":{"@id":"https:\/\/reichelwar.com\/en\/servicios\/pack-wooden-plus\/#breadcrumb"},"inLanguage":"en-US","potentialAction":[{"@type":"ReadAction","target":["https:\/\/reichelwar.com\/en\/servicios\/pack-wooden-plus\/"]}]},{"@type":"ImageObject","inLanguage":"en-US","@id":"https:\/\/reichelwar.com\/en\/servicios\/pack-wooden-plus\/#primaryimage","url":"https:\/\/reichelwar.com\/wp-content\/uploads\/2025\/03\/3.png","contentUrl":"https:\/\/reichelwar.com\/wp-content\/uploads\/2025\/03\/3.png","width":741,"height":537},{"@type":"BreadcrumbList","@id":"https:\/\/reichelwar.com\/en\/servicios\/pack-wooden-plus\/#breadcrumb","itemListElement":[{"@type":"ListItem","position":1,"name":"Portada","item":"https:\/\/reichelwar.com\/en\/"},{"@type":"ListItem","position":2,"name":"Servicios","item":"https:\/\/reichelwar.com\/en\/servicios\/"},{"@type":"ListItem","position":3,"name":"Pack Wooden Plus"}]},{"@type":"WebSite","@id":"https:\/\/reichelwar.com\/en\/#website","url":"https:\/\/reichelwar.com\/en\/","name":"Reichel War","description":"","publisher":{"@id":"https:\/\/reichelwar.com\/en\/#organization"},"potentialAction":[{"@type":"SearchAction","target":{"@type":"EntryPoint","urlTemplate":"https:\/\/reichelwar.com\/en\/?s={search_term_string}"},"query-input":{"@type":"PropertyValueSpecification","valueRequired":true,"valueName":"search_term_string"}}],"inLanguage":"en-US"},{"@type":"Organization","@id":"https:\/\/reichelwar.com\/en\/#organization","name":"Reichel War","url":"https:\/\/reichelwar.com\/en\/","logo":{"@type":"ImageObject","inLanguage":"en-US","@id":"https:\/\/reichelwar.com\/en\/#\/schema\/logo\/image\/","url":"https:\/\/reichelwar.com\/wp-content\/uploads\/2024\/04\/6628e7d7db303_image2-2.png","contentUrl":"https:\/\/reichelwar.com\/wp-content\/uploads\/2024\/04\/6628e7d7db303_image2-2.png","width":92,"height":66,"caption":"Reichel War"},"image":{"@id":"https:\/\/reichelwar.com\/en\/#\/schema\/logo\/image\/"}}]}},"_links":{"self":[{"href":"https:\/\/reichelwar.com\/en\/wp-json\/wp\/v2\/pages\/645","targetHints":{"allow":["GET"]}}],"collection":[{"href":"https:\/\/reichelwar.com\/en\/wp-json\/wp\/v2\/pages"}],"about":[{"href":"https:\/\/reichelwar.com\/en\/wp-json\/wp\/v2\/types\/page"}],"author":[{"embeddable":true,"href":"https:\/\/reichelwar.com\/en\/wp-json\/wp\/v2\/users\/1"}],"replies":[{"embeddable":true,"href":"https:\/\/reichelwar.com\/en\/wp-json\/wp\/v2\/comments?post=645"}],"version-history":[{"count":5,"href":"https:\/\/reichelwar.com\/en\/wp-json\/wp\/v2\/pages\/645\/revisions"}],"predecessor-version":[{"id":1524,"href":"https:\/\/reichelwar.com\/en\/wp-json\/wp\/v2\/pages\/645\/revisions\/1524"}],"up":[{"embeddable":true,"href":"https:\/\/reichelwar.com\/en\/wp-json\/wp\/v2\/pages\/129"}],"wp:featuredmedia":[{"embeddable":true,"href":"https:\/\/reichelwar.com\/en\/wp-json\/wp\/v2\/media\/637"}],"wp:attachment":[{"href":"https:\/\/reichelwar.com\/en\/wp-json\/wp\/v2\/media?parent=645"}],"curies":[{"name":"wp","href":"https:\/\/api.w.org\/{rel}","templated":true}]}}